{"id":24,"date":"2012-02-27T11:30:26","date_gmt":"2012-02-27T11:30:26","guid":{"rendered":"http:\/\/eibz.educacion.navarra.es\/blogak\/liburutegia\/?page_id=24"},"modified":"2015-11-17T12:30:48","modified_gmt":"2015-11-17T12:30:48","slug":"beste-liburutegiak","status":"publish","type":"page","link":"https:\/\/eibz.educacion.navarra.es\/blogak\/liburutegia\/beste-liburutegiak\/","title":{"rendered":"Beste liburutegiak"},"content":{"rendered":"<h1>Estekak<\/h1>\n<table border=\"0\" width=\"60%\" cellspacing=\"0\" cellpadding=\"25\" align=\"center\" bgcolor=\"#B5CEFD\">\n<tbody>\n<tr>\n<td><strong><a href=\"#1\">Erregistroak inportatzeko helbideak<\/a> <\/strong><strong><a href=\"#2\"> Nafarroako liburutegiak. Katalogoak<\/a><\/strong><\/p>\n<p><strong><a href=\"#3\"> Euskadiko liburutegiak. Katalogoak<\/a> <\/strong><\/p>\n<p><strong><a href=\"#4\"> Bestelakoak<\/a><\/strong><\/td>\n<\/tr>\n<\/tbody>\n<\/table>\n<p>&nbsp;<\/p>\n<h3><a href=\"http:\/\/abies.cnice.mec.es\/\" target=\"_blank\">ABIES<\/a><\/h3>\n<blockquote><p>Abies 2.0k kudeatzen du katalogoa eta, bertan, euskarri desberdinetan dauden<br \/>\ndokumentuak aurki daitezke: batik bat liburuak, bideoak, kaseteak eta CD-ROMak.<\/p><\/blockquote>\n<h2>Erregistroak inportatzeko helbideak<\/h2>\n<h3><a href=\"http:\/\/web.alava.net\/cgi-bin\/abwebp.exe\/LL12\/GO\/\" target=\"_blank\">BPE<br \/>\n(Biblioteca P\u00fablica del Estado) Gasteiz<\/a><\/h3>\n<blockquote><p>Katalogo honetatik MARC formatuan erregistro bibliografikoak deskargatu daitezke<br \/>\nAbies programaren gordailura. ABIESek dokumentu-mota identifikatzen duen kodea<br \/>\naurkitzen du eremu honetan. Eremu hau automatikoki osatzen da.<\/p><\/blockquote>\n<h3><a href=\"http:\/\/www.mcu.es\/bibliotecas\/MC\/Rebeca\/index.html\" target=\"_blank\">Rebeca<\/a><\/h3>\n<blockquote><p>Katalogazio lana errazteko MEC-ek sortutako datu base honetatik MARC formatuan<br \/>\nerregistro bibliografikoak deskargatu daitezke.\u00a0 Liburutegi publikoetatik<br \/>\negunero bidaltzen dituzte erregistro berriak datu base honetara.<\/p><\/blockquote>\n<h2>Nafarroako liburutegiak. Katalogoak<\/h2>\n<h3><a href=\"http:\/\/www.navarra.es\/AppsExt\/opac\/timeout.htm?dir=\/AppsExt\/opac\" target=\"_blank\">La<br \/>\nbiblioteca p\u00fablica en casa<\/a><\/h3>\n<blockquote><p>Nafarroako Liburutegi Publikoen katalogo bateratua. 250.000 dokumentu inguru<br \/>\ndaude katalogatuta. Sare honetan 39 udal liburutegi eta\u00a0 Nafarroako Liburutegi<br \/>\nNagusiaren bibliografia-funtsen informazioa jasotzeaz gain Liburutegi Publikoen<br \/>\ndirektorioa ere kontsulta daiteke. Dokumentuaren bilaketa katalogo osoan edo<br \/>\nliburutegi zehatz batean egin daiteke.<\/p><\/blockquote>\n<h3><a href=\"http:\/\/www.unav.es\/biblioteca\/\" target=\"_blank\">Nafarroako Unibertsitatea<\/a><\/h3>\n<blockquote><p>Unibertsitateko liburutegiaren helburua da dokumentu eta argitalpenetan dagoen<br \/>\ninformazio zientifikorako\u00a0 sarbidea erraztea. Irakaskuntza eta ikerketarako<br \/>\nlaguntza izan nahi du.<\/p><\/blockquote>\n<h3><a href=\"http:\/\/brocar.unavarra.es\/biblio5.htm\" target=\"_blank\">Nafarroako<br \/>\nUnibertsitate Publikoa<\/a><\/h3>\n<blockquote><p>Unibertsitateko liburutegiaren helburua honako hau da:\u00a0 Unibertsitate Komunitateko<br \/>\nkideei, beren unibertsitate-helburuetarako, informazio zientifiko, tekniko<br \/>\neta profesionalerako sarbidea erraztea.<\/p><\/blockquote>\n<h3><a href=\"http:\/\/www.cfnavarra.es\/BINADI\/Ventanas\/Presentacion_eu.aspx\">BINADI.<br \/>\nBiblioteca Navarra Digital-Nafarroako Liburutegi Digitala<\/a><\/h3>\n<blockquote><p>BINaDI-n Nafarroako literatur eta zientzia lan nagusienak hartzen dira barne,<br \/>\nohiturazkoetatik hasita klasikoetaraino iritsiz, eduki historikoa edo foru<br \/>\neskubidekoak alde batera utzi gabe. BINaDI modu sistematikoan eta irizpide-zabaltasunez<br \/>\nhazi behar da, Nafarroako bibliografia ezagutu ahal izateko nahitaezko informazio<br \/>\niturri bilakatzeko.<\/p><\/blockquote>\n<h2>Euskadiko liburutegiak. Katalogoak<\/h2>\n<h3><a href=\"http:\/\/www.euskadi.net\/katalogobateratua\" target=\"_blank\">(ELSN)<br \/>\nEuskadiko Liburutegien Sistema Nazionala<\/a><\/h3>\n<blockquote><p>300.000 dokumentu baino gehiago daude katalogatuta eta 60 udal liburutegik<br \/>\nbaino gehiagok parte hartzen dute. Katalogoa\u00a0 etengabe eguneratzen da. Bilaketa<br \/>\nbakarrean erabiltzaileak jakin dezake interesatzen zaion gaiari buruz zenbat<br \/>\ndokumentu dauden eta baita zein liburutegitan eskuratu ahal izango dituen<br \/>\nere.<\/p><\/blockquote>\n<h3><a href=\"http:\/\/www.ikasbil.net\/eu_ES\/web\/liburutegia\/home\" target=\"_blank\">HABE<\/a><\/h3>\n<blockquote>\n<p style=\"text-align: justify\">HABE Liburutegia biblioteka espezializatu eta<br \/>\npublikoa da eta hizkuntza du ardatz nagusi. Lau atalez osatuta dago liburutegia:<\/p>\n<ul>\n<li>Katalogo orokorra<\/li>\n<li>Bideoen katalogoa<\/li>\n<li>Aldizkazko Argitalpen katalogoa<\/li>\n<li>Softwarearen katalogoa<\/li>\n<\/ul>\n<\/blockquote>\n<h3><a href=\"http:\/\/www4.gipuzkoa.net\/KMKatalogoa\/default.aspx?uilang=bq\" target=\"_blank\">Koldo<br \/>\nMitxelena<\/a><\/h3>\n<blockquote><p><em>Koldo Mitxelena Kulturuneko<\/em> liburutegia Gipuzkoako Foru Aldundiaren<br \/>\nzerbitzu publiko bat da, 16 urtetik gorakoentzat bereziki, informazioa aurkitzeko<br \/>\nerraztasunak eman, heziketan lagundu, eta aisialdian aberasteko sortua. Liburutegi<br \/>\norokorra da, humanitateei eta euskal kulturari bideratua.<\/p><\/blockquote>\n<h3><a href=\"http:\/\/bibliotecaforal.bizkaia.net\/screens\/mainmenu.html\" target=\"_blank\">Foru<br \/>\nLiburutegia<\/a><\/h3>\n<blockquote><p>Bizkaiko Lurralde Historikoko\u00a0 lehen liburutegi publikoa da. 1929ko abuztuan<br \/>\nsortu zen. Bibliografi fondoa (175.000 ale ingurukoa) da eta, euskal atalean<br \/>\nhemeroteka historiko ezin aberatsagoa, osatzera iritsi da.<\/p><\/blockquote>\n<h3><a href=\"http:\/\/www.biblioteca.deusto.es\/servlet\/Satellite\/Page\/1107426114492\/_cast\/#1107426114492\/c0\/Biblioteca\/Page\/HomeBibliotecaTemplateDeustuko\" target=\"_blank\">Deustuko<br \/>\nUnibertsitatea<\/a><\/h3>\n<blockquote><p>Bilboko\u00a0 eta Donostiako campusek osatzen dute. Liburutegia Unibertsitatearen<br \/>\nparte da, ikerketa eta irakaskuntzarako zerbitzu lagungarria den aldetik.<br \/>\nUnibertsitateko Liburutegiak honako sail hauek ditu: Letrak, Zuzenbidea eta<br \/>\nEuskal Ikaskuntzak.<\/p><\/blockquote>\n<h3><a href=\"http:\/\/www.euskaltzaindia.net\/azkue\/\" target=\"_blank\">Azkue Biblioteka.<br \/>\nEuskaltzaindia<\/a><\/h3>\n<blockquote><p>Azkue Biblioteka Euskaltzaindiaren liburutegia da eta beronen zerbitzura<br \/>\ndago. Hortaz gain, zabalik dago ikerle ororentzat eta bere ahalbideen neurrian<br \/>\neuskal kultura gaien ikerkuntza eta hedapena sustatzen eta laguntzen saiatzen<br \/>\nda.<\/p><\/blockquote>\n<h3><a href=\"http:\/\/www.biblioteka.ehu.es\/p207-home\/eu\/\">Euskal Herriko Unibertsitateko<br \/>\nLiburutegia<\/a><\/h3>\n<blockquote><p>Unibertsitateko Biblioteka honako hauek osatzen dute: Leioako Campuseko Biblioteka<br \/>\nNagusiak eta hainbat campusetan dauden fakultate eta eskoletako 24 bibliotekek.<br \/>\nEdonork erabil ditzake ale bibliografikoak eta dokumentuak, lokalen ezaugarriengatik<br \/>\nbiltegi itxietan daudenak izan ezik.<\/p><\/blockquote>\n<h3><a href=\"http:\/\/www.bilbao.net\/Bibliotecas\/jsp\/pwebi000.jsp?idioma=e\" target=\"_blank\">Bilboko<br \/>\nudal Liburutegiak<\/a><\/h3>\n<blockquote><p>Bilboko udal liburutegiak osatzen dute sare hau:<\/p>\n<ul>\n<li>Red de Bibliotecas Municipales de Bilbao<\/li>\n<li>Base de datos Miguel de Unamuno<\/li>\n<li>Biblioteca Central de Bidebarrieta<\/li>\n<li>Bibliotecas Municipales de Barrio<\/li>\n<\/ul>\n<\/blockquote>\n<h3><a href=\"http:\/\/librivision.fsancho-sabio.es\/indexsancho.html\" target=\"_blank\">Sancho<br \/>\nel Sabio Fundazioa<\/a><\/h3>\n<blockquote><p>Caja Vital Kutxa-ren Gizarte Ekintza. Gasteiz. Bibliografia-fondo digitalizatuak<br \/>\naurki daitezke: liburuak, aldizkariak, egunkariak, artikuluak, mapak eta material<br \/>\ngrafikoen katalogoak. Kontsultak aretoan bertan, erreprografia, bisita gidatuak<br \/>\neta erreferentzia zerbitzuak eskaintzen ditu.<\/p>\n<p align=\"right\">\n<\/blockquote>\n<h2>Bestelakoak<\/h2>\n<h3><a href=\"http:\/\/www.navarra.es\/home_es\/Catalogo+de+servicios\/Todos+los+servicios\/popup\/BibliotecasPublicas.htm\" target=\"_blank\">Navarra<br \/>\nBibliotecas Publicas<\/a><\/h3>\n<blockquote><p>Nafarroako 85 liburutegi publikoen<strong>\u00a0 <\/strong>helbideak eta ordutegiak biltzen<br \/>\nditu webgune honek.<\/p><\/blockquote>\n<h3><a href=\"http:\/\/dpto.educacion.navarra.es\/bibliotecasescolares\/eudirectorio.html\" target=\"_blank\">Nafarroako<br \/>\neskola liburutegiak<\/a><\/h3>\n<blockquote><p>Webgune honetan\u00a0 honako hau aurki dezakegu: Blitz argitalpenak, Eskola liburutegiak,<br \/>\nAbiesi buruzko informazioa&#8230;<\/p><\/blockquote>\n<h3><a href=\"http:\/\/www.eurosur.org\/DOCE\/principal.html\" target=\"_blank\">DOCE<\/a><a href=\"http:\/\/www.eurosur.org\/DOCE\/principal.html\">.<br \/>\nDocumentos de Educaci\u00f3n<\/a><\/h3>\n<blockquote><p>Datu base hau 70.000 erregistrok osatzen dute. Haur eta Gazte Literaturaren<br \/>\ndatu basea hilero berritzen da.<\/p><\/blockquote>\n<h3><a href=\"http:\/\/www.fundaciongsr.es\/salamanca\/default.htm\" target=\"_blank\">Fundaci\u00f3n<br \/>\nGerm\u00e1n S\u00e1nchez Ruip\u00e9rez<\/a><\/h3>\n<blockquote><p>Fundazio honen helburu nagusia kultur ekintzak sustatzea da, batez ere<br \/>\nliburuak eta irakurketari buruzkoak. Webgune honetan: Liburutegi digitala,<br \/>\nHaur eta Gazte Literaturaren katalogoa, irakurketa gidak,&#8230; aurki daitezke.<\/p><\/blockquote>\n<h3 style=\"vertical-align: top\"><a href=\"http:\/\/www.rebiun.org\/\" target=\"_blank\">REBIUN<br \/>\n(Red de Bibliotecas Universitarias espa\u00f1olas)<\/a><\/h3>\n<p>Espainiako unibertsitate guztietako liburutegiek osatzen dute.<\/p>\n<h3 class=\"testua\" style=\"vertical-align: top\"><a href=\"http:\/\/www.mcu.es\/libro\/CE\/AgenciaISBN\/BBDDLibros\/Sobre.html\" target=\"_blank\">ISBN<br \/>\n(International Standard Book Number)<\/a><\/h3>\n<blockquote>\n<p style=\"vertical-align: top\">Liburutegietako Nazioarteko Zenbaki Normalizatua.<\/p>\n<p style=\"vertical-align: top\">Datu base honetan 1972tik aurrera argitaratu diren<br \/>\nliburuen erreferentziak aurki daitezke.<\/p>\n<\/blockquote>\n","protected":false},"excerpt":{"rendered":"<p>Estekak Erregistroak inportatzeko helbideak Nafarroako liburutegiak. Katalogoak Euskadiko liburutegiak. Katalogoak Bestelakoak &nbsp; ABIES Abies 2.0k kudeatzen du katalogoa eta, bertan, euskarri desberdinetan dauden dokumentuak aurki daitezke: batik bat liburuak, bideoak, kaseteak eta CD-ROMak. Erregistroak inportatzeko helbideak BPE (Biblioteca P\u00fablica del &hellip; <a href=\"https:\/\/eibz.educacion.navarra.es\/blogak\/liburutegia\/beste-liburutegiak\/\">Jarraitu irakurtzen <span class=\"meta-nav\">&rarr;<\/span><\/a><\/p>\n","protected":false},"author":6,"featured_media":0,"parent":0,"menu_order":0,"comment_status":"open","ping_status":"open","template":"","meta":[],"featured_image_src":null,"featured_image_src_square":null,"_links":{"self":[{"href":"https:\/\/eibz.educacion.navarra.es\/blogak\/liburutegia\/wp-json\/wp\/v2\/pages\/24"}],"collection":[{"href":"https:\/\/eibz.educacion.navarra.es\/blogak\/liburutegia\/wp-json\/wp\/v2\/pages"}],"about":[{"href":"https:\/\/eibz.educacion.navarra.es\/blogak\/liburutegia\/wp-json\/wp\/v2\/types\/page"}],"author":[{"embeddable":true,"href":"https:\/\/eibz.educacion.navarra.es\/blogak\/liburutegia\/wp-json\/wp\/v2\/users\/6"}],"replies":[{"embeddable":true,"href":"https:\/\/eibz.educacion.navarra.es\/blogak\/liburutegia\/wp-json\/wp\/v2\/comments?post=24"}],"version-history":[{"count":4,"href":"https:\/\/eibz.educacion.navarra.es\/blogak\/liburutegia\/wp-json\/wp\/v2\/pages\/24\/revisions"}],"predecessor-version":[{"id":11918,"href":"https:\/\/eibz.educacion.navarra.es\/blogak\/liburutegia\/wp-json\/wp\/v2\/pages\/24\/revisions\/11918"}],"wp:attachment":[{"href":"https:\/\/eibz.educacion.navarra.es\/blogak\/liburutegia\/wp-json\/wp\/v2\/media?parent=24"}],"curies":[{"name":"wp","href":"https:\/\/api.w.org\/{rel}","templated":true}]}}